{"id":58,"date":"2023-10-11T01:03:54","date_gmt":"2023-10-10T23:03:54","guid":{"rendered":"https:\/\/ibscgmedical.net\/nouvelles\/?page_id=58"},"modified":"2023-10-12T01:49:23","modified_gmt":"2023-10-11T23:49:23","slug":"politica-de-privacidad","status":"publish","type":"page","link":"http:\/\/ibscgmedical.net\/nouvelles\/politique-de-confidentialite\/","title":{"rendered":"Politique de confidentialit\u00e9"},"content":{"rendered":"<p>En https:\/\/ibscgmedical.net, nous attachons une grande importance \u00e0 la vie priv\u00e9e de nos visiteurs.<\/p>\n<p>Sur https:\/\/ibscgmedical.net, nous comprenons l&rsquo;importance de prot\u00e9ger la confidentialit\u00e9 de vos informations personnelles. Vous trouverez ci-dessous des informations sur le type de donn\u00e9es personnelles que nous recueillons et utilisons lorsque vous visitez https:\/\/ibscgmedical.net, ainsi que les mesures que nous prenons pour prot\u00e9ger vos informations. Veuillez noter que nous ne vendons jamais vos informations personnelles \u00e0 des tiers.<\/p>\n<p>Fichiers journaux<br \/>\nComme de nombreux autres sites Web, nous recueillons et utilisons des donn\u00e9es figurant dans les fichiers journaux. Ces fichiers peuvent inclure votre adresse IP, le fournisseur de services Internet que vous utilisez (comme AOL ou Shaw Cable), le navigateur que vous avez utilis\u00e9 pour visiter notre site (comme Internet Explorer ou Firefox), l&rsquo;heure de votre visite et les pages que vous avez consult\u00e9es sur notre site.<\/p>\n<p>Cookies et balises web<br \/>\nNous utilisons des cookies pour stocker des informations, telles que les pr\u00e9f\u00e9rences personnelles lorsque vous visitez notre site Web. Cela peut inclure des param\u00e8tres tels que l&rsquo;affichage d&rsquo;une fen\u00eatre contextuelle une fois pendant votre visite ou l&rsquo;acc\u00e8s \u00e0 certaines de nos fonctionnalit\u00e9s, telles que les forums.<\/p>\n<p>De plus, nous utilisons \u00e9galement des services de publicit\u00e9 tiers pour soutenir notre site Web. Certains de ces annonceurs peuvent utiliser des cookies et des balises web pour afficher des annonces lorsque vous visitez notre site. Ces annonceurs (comme Google via le programme Google AdSense) peuvent recueillir des informations telles que votre adresse IP, votre fournisseur de services Internet, le navigateur que vous avez utilis\u00e9 pour visiter notre site, et dans certains cas, si Flash est install\u00e9. Cela est principalement utilis\u00e9 \u00e0 des fins de ciblage g\u00e9ographique (par exemple, afficher des annonces d&rsquo;h\u00f4tels \u00e0 New York \u00e0 quelqu&rsquo;un qui a visit\u00e9 des sites Web li\u00e9s \u00e0 New York) ou pour afficher des annonces sp\u00e9cifiques en fonction des sites Web que vous avez visit\u00e9s (par exemple, afficher des annonces de cuisine \u00e0 quelqu&rsquo;un qui visite des sites Web li\u00e9s \u00e0 la cuisine).<\/p>\n<p>Cookies DoubleClick DART<br \/>\nNous pouvons \u00e9galement utiliser des cookies DoubleClick DART pour afficher des annonces via Google DoubleClick. Ces cookies seront plac\u00e9s sur votre ordinateur lorsque vous visiterez des sites Web et utiliserez des services publicitaires DoubleClick (y compris certains programmes Google AdSense). Ces cookies sont utilis\u00e9s pour afficher des annonces adapt\u00e9es \u00e0 vos int\u00e9r\u00eats (\u00ab ciblage par centres d&rsquo;int\u00e9r\u00eat \u00bb) et s\u00e9lectionner des annonces en fonction de votre historique de navigation (par exemple, si vous avez visit\u00e9 des sites Web li\u00e9s \u00e0 Las Vegas, vous pouvez voir des annonces d&rsquo;h\u00f4tels \u00e0 Las Vegas lorsque vous visitez des sites Web non li\u00e9s, tels que des sites Web de hockey). DART utilise des informations qui ne vous identifient pas personnellement et ne divulgue ni ne partage d&rsquo;informations personnelles vous concernant, telles que votre nom, votre adresse e-mail, votre adresse physique, votre num\u00e9ro d&rsquo;assurance sociale, votre num\u00e9ro de compte bancaire ou votre num\u00e9ro de carte de cr\u00e9dit.<\/p>\n<p>Vous pouvez choisir de d\u00e9sactiver les cookies ou les cookies tiers dans les param\u00e8tres de votre navigateur ou en g\u00e9rant les pr\u00e9f\u00e9rences dans des programmes de s\u00e9curit\u00e9 tels que Norton Internet Security. Cependant, cela peut affecter votre capacit\u00e9 \u00e0 interagir avec notre site et d&rsquo;autres sites Web, y compris la connexion aux forums ou aux comptes.<\/p>\n<p>Supprimer les cookies ne signifie pas n\u00e9cessairement que vous \u00eates exclu de mani\u00e8re permanente de tout programme publicitaire. De plus, le renoncement \u00e0 la ciblage par centres d&rsquo;int\u00e9r\u00eat n&#8217;emp\u00eache pas l&rsquo;installation de nouveaux cookies.<\/p>\n","protected":false},"excerpt":{"rendered":"<p>En https:\/\/ibscgmedical.net, nous attachons une grande importance \u00e0 la vie priv\u00e9e de nos visiteurs. Sur https:\/\/ibscgmedical.net, nous comprenons l&rsquo;importance de prot\u00e9ger la confidentialit\u00e9 de vos informations personnelles. Vous trouverez ci-dessous&hellip; <\/p>\n","protected":false},"author":1,"featured_media":0,"parent":0,"menu_order":0,"comment_status":"closed","ping_status":"closed","template":"","meta":{"footnotes":""},"yoast_head":"<!-- This site is optimized with the Yoast SEO plugin v21.3 - https:\/\/yoast.com\/wordpress\/plugins\/seo\/ -->\n<title>Politique de confidentialit\u00e9<\/title>\n<meta name=\"robots\" content=\"index, follow, max-snippet:-1, max-image-preview:large, max-video-preview:-1\" \/>\n<link rel=\"canonical\" href=\"http:\/\/ibscgmedical.net\/nouvelles\/politique-de-confidentialite\/\" \/>\n<meta property=\"og:locale\" content=\"fr_FR\" \/>\n<meta property=\"og:type\" content=\"article\" \/>\n<meta property=\"og:title\" content=\"Politique de confidentialit\u00e9\" \/>\n<meta property=\"og:description\" content=\"En https:\/\/ibscgmedical.net, nous attachons une grande importance \u00e0 la vie priv\u00e9e de nos visiteurs. Sur https:\/\/ibscgmedical.net, nous comprenons l&rsquo;importance de prot\u00e9ger la confidentialit\u00e9 de vos informations personnelles. Vous trouverez ci-dessous&hellip;\" \/>\n<meta property=\"og:url\" content=\"http:\/\/ibscgmedical.net\/nouvelles\/politique-de-confidentialite\/\" \/>\n<meta property=\"og:site_name\" content=\"IBSCG Medical - Nouvelles\" \/>\n<meta property=\"article:modified_time\" content=\"2023-10-11T23:49:23+00:00\" \/>\n<meta name=\"twitter:card\" content=\"summary_large_image\" \/>\n<meta name=\"twitter:label1\" content=\"Est. reading time\" \/>\n\t<meta name=\"twitter:data1\" content=\"3 minutes\" \/>\n<script type=\"application\/ld+json\" class=\"yoast-schema-graph\">{\"@context\":\"https:\/\/schema.org\",\"@graph\":[{\"@type\":\"WebPage\",\"@id\":\"http:\/\/ibscgmedical.net\/nouvelles\/politique-de-confidentialite\/\",\"url\":\"http:\/\/ibscgmedical.net\/nouvelles\/politique-de-confidentialite\/\",\"name\":\"Politique de confidentialit\u00e9\",\"isPartOf\":{\"@id\":\"https:\/\/ibscgmedical.net\/nouvelles\/#website\"},\"datePublished\":\"2023-10-10T23:03:54+00:00\",\"dateModified\":\"2023-10-11T23:49:23+00:00\",\"breadcrumb\":{\"@id\":\"http:\/\/ibscgmedical.net\/nouvelles\/politique-de-confidentialite\/#breadcrumb\"},\"inLanguage\":\"fr-FR\",\"potentialAction\":[{\"@type\":\"ReadAction\",\"target\":[\"http:\/\/ibscgmedical.net\/nouvelles\/politique-de-confidentialite\/\"]}]},{\"@type\":\"BreadcrumbList\",\"@id\":\"http:\/\/ibscgmedical.net\/nouvelles\/politique-de-confidentialite\/#breadcrumb\",\"itemListElement\":[{\"@type\":\"ListItem\",\"position\":1,\"name\":\"Portada\",\"item\":\"https:\/\/ibscgmedical.net\/nouvelles\/\"},{\"@type\":\"ListItem\",\"position\":2,\"name\":\"Politique de confidentialit\u00e9\"}]},{\"@type\":\"WebSite\",\"@id\":\"https:\/\/ibscgmedical.net\/nouvelles\/#website\",\"url\":\"https:\/\/ibscgmedical.net\/nouvelles\/\",\"name\":\"IBSCG Medical - Nouvelles\",\"description\":\"\",\"publisher\":{\"@id\":\"https:\/\/ibscgmedical.net\/nouvelles\/#organization\"},\"potentialAction\":[{\"@type\":\"SearchAction\",\"target\":{\"@type\":\"EntryPoint\",\"urlTemplate\":\"https:\/\/ibscgmedical.net\/nouvelles\/?s={search_term_string}\"},\"query-input\":\"required name=search_term_string\"}],\"inLanguage\":\"fr-FR\"},{\"@type\":\"Organization\",\"@id\":\"https:\/\/ibscgmedical.net\/nouvelles\/#organization\",\"name\":\"IBSCG Medical - Nouvelles\",\"url\":\"https:\/\/ibscgmedical.net\/nouvelles\/\",\"logo\":{\"@type\":\"ImageObject\",\"inLanguage\":\"fr-FR\",\"@id\":\"https:\/\/ibscgmedical.net\/nouvelles\/#\/schema\/logo\/image\/\",\"url\":\"https:\/\/ibscgmedical.net\/nouvelles\/wp-content\/uploads\/2023\/10\/ibscg.jpg\",\"contentUrl\":\"https:\/\/ibscgmedical.net\/nouvelles\/wp-content\/uploads\/2023\/10\/ibscg.jpg\",\"width\":400,\"height\":139,\"caption\":\"IBSCG Medical - Nouvelles\"},\"image\":{\"@id\":\"https:\/\/ibscgmedical.net\/nouvelles\/#\/schema\/logo\/image\/\"}}]}<\/script>\n<!-- \/ Yoast SEO plugin. -->","yoast_head_json":{"title":"Politique de confidentialit\u00e9","robots":{"index":"index","follow":"follow","max-snippet":"max-snippet:-1","max-image-preview":"max-image-preview:large","max-video-preview":"max-video-preview:-1"},"canonical":"http:\/\/ibscgmedical.net\/nouvelles\/politique-de-confidentialite\/","og_locale":"fr_FR","og_type":"article","og_title":"Politique de confidentialit\u00e9","og_description":"En https:\/\/ibscgmedical.net, nous attachons une grande importance \u00e0 la vie priv\u00e9e de nos visiteurs. Sur https:\/\/ibscgmedical.net, nous comprenons l&rsquo;importance de prot\u00e9ger la confidentialit\u00e9 de vos informations personnelles. Vous trouverez ci-dessous&hellip;","og_url":"http:\/\/ibscgmedical.net\/nouvelles\/politique-de-confidentialite\/","og_site_name":"IBSCG Medical - Nouvelles","article_modified_time":"2023-10-11T23:49:23+00:00","twitter_card":"summary_large_image","twitter_misc":{"Est. reading time":"3 minutes"},"schema":{"@context":"https:\/\/schema.org","@graph":[{"@type":"WebPage","@id":"http:\/\/ibscgmedical.net\/nouvelles\/politique-de-confidentialite\/","url":"http:\/\/ibscgmedical.net\/nouvelles\/politique-de-confidentialite\/","name":"Politique de confidentialit\u00e9","isPartOf":{"@id":"https:\/\/ibscgmedical.net\/nouvelles\/#website"},"datePublished":"2023-10-10T23:03:54+00:00","dateModified":"2023-10-11T23:49:23+00:00","breadcrumb":{"@id":"http:\/\/ibscgmedical.net\/nouvelles\/politique-de-confidentialite\/#breadcrumb"},"inLanguage":"fr-FR","potentialAction":[{"@type":"ReadAction","target":["http:\/\/ibscgmedical.net\/nouvelles\/politique-de-confidentialite\/"]}]},{"@type":"BreadcrumbList","@id":"http:\/\/ibscgmedical.net\/nouvelles\/politique-de-confidentialite\/#breadcrumb","itemListElement":[{"@type":"ListItem","position":1,"name":"Portada","item":"https:\/\/ibscgmedical.net\/nouvelles\/"},{"@type":"ListItem","position":2,"name":"Politique de confidentialit\u00e9"}]},{"@type":"WebSite","@id":"https:\/\/ibscgmedical.net\/nouvelles\/#website","url":"https:\/\/ibscgmedical.net\/nouvelles\/","name":"IBSCG Medical - Nouvelles","description":"","publisher":{"@id":"https:\/\/ibscgmedical.net\/nouvelles\/#organization"},"potentialAction":[{"@type":"SearchAction","target":{"@type":"EntryPoint","urlTemplate":"https:\/\/ibscgmedical.net\/nouvelles\/?s={search_term_string}"},"query-input":"required name=search_term_string"}],"inLanguage":"fr-FR"},{"@type":"Organization","@id":"https:\/\/ibscgmedical.net\/nouvelles\/#organization","name":"IBSCG Medical - Nouvelles","url":"https:\/\/ibscgmedical.net\/nouvelles\/","logo":{"@type":"ImageObject","inLanguage":"fr-FR","@id":"https:\/\/ibscgmedical.net\/nouvelles\/#\/schema\/logo\/image\/","url":"https:\/\/ibscgmedical.net\/nouvelles\/wp-content\/uploads\/2023\/10\/ibscg.jpg","contentUrl":"https:\/\/ibscgmedical.net\/nouvelles\/wp-content\/uploads\/2023\/10\/ibscg.jpg","width":400,"height":139,"caption":"IBSCG Medical - Nouvelles"},"image":{"@id":"https:\/\/ibscgmedical.net\/nouvelles\/#\/schema\/logo\/image\/"}}]}},"_links":{"self":[{"href":"https:\/\/ibscgmedical.net\/nouvelles\/wp-json\/wp\/v2\/pages\/58"}],"collection":[{"href":"https:\/\/ibscgmedical.net\/nouvelles\/wp-json\/wp\/v2\/pages"}],"about":[{"href":"https:\/\/ibscgmedical.net\/nouvelles\/wp-json\/wp\/v2\/types\/page"}],"author":[{"embeddable":true,"href":"https:\/\/ibscgmedical.net\/nouvelles\/wp-json\/wp\/v2\/users\/1"}],"replies":[{"embeddable":true,"href":"https:\/\/ibscgmedical.net\/nouvelles\/wp-json\/wp\/v2\/comments?post=58"}],"version-history":[{"count":3,"href":"https:\/\/ibscgmedical.net\/nouvelles\/wp-json\/wp\/v2\/pages\/58\/revisions"}],"predecessor-version":[{"id":78,"href":"https:\/\/ibscgmedical.net\/nouvelles\/wp-json\/wp\/v2\/pages\/58\/revisions\/78"}],"wp:attachment":[{"href":"https:\/\/ibscgmedical.net\/nouvelles\/wp-json\/wp\/v2\/media?parent=58"}],"curies":[{"name":"wp","href":"https:\/\/api.w.org\/{rel}","templated":true}]}}