{"id":60,"date":"2023-10-11T01:08:32","date_gmt":"2023-10-10T23:08:32","guid":{"rendered":"https:\/\/ibscgmedical.net\/nouvelles\/?page_id=60"},"modified":"2023-10-12T01:50:37","modified_gmt":"2023-10-11T23:50:37","slug":"condiciones-de-uso","status":"publish","type":"page","link":"http:\/\/ibscgmedical.net\/nouvelles\/condition-dutilisation\/","title":{"rendered":"Condition d&rsquo;utilisation"},"content":{"rendered":"<p>Veuillez examiner attentivement ces d\u00e9tails avant d&rsquo;utiliser ce service.<\/p>\n<p>L&rsquo;acc\u00e8s et l&rsquo;utilisation de ce service d\u00e9pendent de votre consentement et de votre respect de ces termes. Ces termes s&rsquo;appliquent \u00e0 tous les visiteurs, utilisateurs et toute personne qui acc\u00e8de ou utilise ce service.<\/p>\n<p>En acc\u00e9dant ou en utilisant ce service, vous acceptez de respecter ces termes. Si vous n&rsquo;\u00eates pas d&rsquo;accord avec une partie de ces termes, nous vous recommandons de cesser d&rsquo;acc\u00e9der \u00e0 ce service.<\/p>\n<p>Droits de propri\u00e9t\u00e9 intellectuelle<br \/>\nLe service et son contenu original sont la propri\u00e9t\u00e9 intellectuelle de https:\/\/ibscgmedical.net et du propri\u00e9taire sous licence de ce service. Ce service est prot\u00e9g\u00e9 par le droit d&rsquo;auteur, les droits de marque et d&rsquo;autres lois en Islande et dans d&rsquo;autres pays. L&rsquo;utilisation de nos droits et logos n&rsquo;est pas autoris\u00e9e sans la permission de https:\/\/ibscgmedical.net.<\/p>\n<p>Liens vers d&rsquo;autres sites web<br \/>\nNotre service peut contenir des liens vers des sites web ou des services tiers qui ne sont pas sous le contr\u00f4le ou la propri\u00e9t\u00e9 de https:\/\/ibscgmedical.net.<\/p>\n<p>https:\/\/ibscgmedical.net n&rsquo;a aucun contr\u00f4le sur le contenu, la politique de confidentialit\u00e9 ou les pratiques des sites web ou des services tiers. Vous reconnaissez et acceptez que https:\/\/ibscgmedical.net ne sera en aucun cas responsable des dommages ou pertes d\u00e9coulant du contenu des produits ou services disponibles via ces sites web ou services.<\/p>\n<p>Nous vous recommandons de consulter les termes et la politique de confidentialit\u00e9 des sites web ou des services tiers que vous visitez.<\/p>\n<p>R\u00e9siliation<br \/>\nNous pouvons mettre fin ou suspendre imm\u00e9diatement votre acc\u00e8s \u00e0 ce service, sans pr\u00e9avis ni responsabilit\u00e9, pour quelque raison que ce soit, y compris, entre autres, le non-respect des termes.<\/p>\n<p>En cas de r\u00e9siliation, vous devez cesser d&rsquo;utiliser ce service imm\u00e9diatement.<\/p>\n<p>Limitation de responsabilit\u00e9<br \/>\nEn fin de compte, https:\/\/ibscgmedical.net, y compris les directeurs, employ\u00e9s, partenaires, agents, fournisseurs ou affili\u00e9s, ne seront pas responsables des dommages indirects ou cons\u00e9cutifs de quelque nature que ce soit, y compris, entre autres, les pertes de b\u00e9n\u00e9fices, de donn\u00e9es, d&rsquo;utilisation ou de bonne volont\u00e9, que ce soit en vertu d&rsquo;un contrat ou d&rsquo;une action en justice (y compris la n\u00e9gligence) ou autrement, m\u00eame si la possibilit\u00e9 de tels dommages a \u00e9t\u00e9 port\u00e9e \u00e0 votre attention.<\/p>\n<p>Utilisation \u00e0 vos propres risques<br \/>\nVotre utilisation de ce service se fait \u00e0 vos propres risques. Ce service est fourni \u00ab\u00a0tel quel\u00a0\u00bb et \u00ab\u00a0selon sa disponibilit\u00e9\u00a0\u00bb. Ce service est fourni sans garantie, explicite ou implicite, y compris, entre autres, les garanties implicites de qualit\u00e9 marchande, d&rsquo;ad\u00e9quation \u00e0 un usage particulier, de non-contrefa\u00e7on ou de qualit\u00e9 commerciale.<\/p>\n<p>https:\/\/ibscgmedical.net, y compris les partenaires commerciaux, ne garantit pas que (a) le service fonctionne sans interruption, soit s\u00fbr ou disponible \u00e0 un moment ou en un endroit particulier ; (b) toute erreur ou d\u00e9faut sera corrig\u00e9 ; (c) le service sera exempt de virus ou de composants nuisibles ; ou (d) les r\u00e9sultats de l&rsquo;utilisation du service r\u00e9pondront \u00e0 vos besoins.<\/p>\n","protected":false},"excerpt":{"rendered":"<p>Veuillez examiner attentivement ces d\u00e9tails avant d&rsquo;utiliser ce service. L&rsquo;acc\u00e8s et l&rsquo;utilisation de ce service d\u00e9pendent de votre consentement et de votre respect de ces termes. Ces termes s&rsquo;appliquent \u00e0&hellip; <\/p>\n","protected":false},"author":1,"featured_media":0,"parent":0,"menu_order":0,"comment_status":"closed","ping_status":"closed","template":"","meta":{"footnotes":""},"yoast_head":"<!-- This site is optimized with the Yoast SEO plugin v21.3 - https:\/\/yoast.com\/wordpress\/plugins\/seo\/ -->\n<title>Condition d&#039;utilisation<\/title>\n<meta name=\"robots\" content=\"index, follow, max-snippet:-1, max-image-preview:large, max-video-preview:-1\" \/>\n<link rel=\"canonical\" href=\"http:\/\/ibscgmedical.net\/nouvelles\/condition-dutilisation\/\" \/>\n<meta property=\"og:locale\" content=\"fr_FR\" \/>\n<meta property=\"og:type\" content=\"article\" \/>\n<meta property=\"og:title\" content=\"Condition d&#039;utilisation\" \/>\n<meta property=\"og:description\" content=\"Veuillez examiner attentivement ces d\u00e9tails avant d&rsquo;utiliser ce service. L&rsquo;acc\u00e8s et l&rsquo;utilisation de ce service d\u00e9pendent de votre consentement et de votre respect de ces termes. Ces termes s&rsquo;appliquent \u00e0&hellip;\" \/>\n<meta property=\"og:url\" content=\"http:\/\/ibscgmedical.net\/nouvelles\/condition-dutilisation\/\" \/>\n<meta property=\"og:site_name\" content=\"IBSCG Medical - Nouvelles\" \/>\n<meta property=\"article:modified_time\" content=\"2023-10-11T23:50:37+00:00\" \/>\n<meta name=\"twitter:card\" content=\"summary_large_image\" \/>\n<meta name=\"twitter:label1\" content=\"Est. reading time\" \/>\n\t<meta name=\"twitter:data1\" content=\"3 minutes\" \/>\n<script type=\"application\/ld+json\" class=\"yoast-schema-graph\">{\"@context\":\"https:\/\/schema.org\",\"@graph\":[{\"@type\":\"WebPage\",\"@id\":\"http:\/\/ibscgmedical.net\/nouvelles\/condition-dutilisation\/\",\"url\":\"http:\/\/ibscgmedical.net\/nouvelles\/condition-dutilisation\/\",\"name\":\"Condition d'utilisation\",\"isPartOf\":{\"@id\":\"https:\/\/ibscgmedical.net\/nouvelles\/#website\"},\"datePublished\":\"2023-10-10T23:08:32+00:00\",\"dateModified\":\"2023-10-11T23:50:37+00:00\",\"breadcrumb\":{\"@id\":\"http:\/\/ibscgmedical.net\/nouvelles\/condition-dutilisation\/#breadcrumb\"},\"inLanguage\":\"fr-FR\",\"potentialAction\":[{\"@type\":\"ReadAction\",\"target\":[\"http:\/\/ibscgmedical.net\/nouvelles\/condition-dutilisation\/\"]}]},{\"@type\":\"BreadcrumbList\",\"@id\":\"http:\/\/ibscgmedical.net\/nouvelles\/condition-dutilisation\/#breadcrumb\",\"itemListElement\":[{\"@type\":\"ListItem\",\"position\":1,\"name\":\"Portada\",\"item\":\"https:\/\/ibscgmedical.net\/nouvelles\/\"},{\"@type\":\"ListItem\",\"position\":2,\"name\":\"Condition d&rsquo;utilisation\"}]},{\"@type\":\"WebSite\",\"@id\":\"https:\/\/ibscgmedical.net\/nouvelles\/#website\",\"url\":\"https:\/\/ibscgmedical.net\/nouvelles\/\",\"name\":\"IBSCG Medical - Nouvelles\",\"description\":\"\",\"publisher\":{\"@id\":\"https:\/\/ibscgmedical.net\/nouvelles\/#organization\"},\"potentialAction\":[{\"@type\":\"SearchAction\",\"target\":{\"@type\":\"EntryPoint\",\"urlTemplate\":\"https:\/\/ibscgmedical.net\/nouvelles\/?s={search_term_string}\"},\"query-input\":\"required name=search_term_string\"}],\"inLanguage\":\"fr-FR\"},{\"@type\":\"Organization\",\"@id\":\"https:\/\/ibscgmedical.net\/nouvelles\/#organization\",\"name\":\"IBSCG Medical - Nouvelles\",\"url\":\"https:\/\/ibscgmedical.net\/nouvelles\/\",\"logo\":{\"@type\":\"ImageObject\",\"inLanguage\":\"fr-FR\",\"@id\":\"https:\/\/ibscgmedical.net\/nouvelles\/#\/schema\/logo\/image\/\",\"url\":\"https:\/\/ibscgmedical.net\/nouvelles\/wp-content\/uploads\/2023\/10\/ibscg.jpg\",\"contentUrl\":\"https:\/\/ibscgmedical.net\/nouvelles\/wp-content\/uploads\/2023\/10\/ibscg.jpg\",\"width\":400,\"height\":139,\"caption\":\"IBSCG Medical - Nouvelles\"},\"image\":{\"@id\":\"https:\/\/ibscgmedical.net\/nouvelles\/#\/schema\/logo\/image\/\"}}]}<\/script>\n<!-- \/ Yoast SEO plugin. -->","yoast_head_json":{"title":"Condition d'utilisation","robots":{"index":"index","follow":"follow","max-snippet":"max-snippet:-1","max-image-preview":"max-image-preview:large","max-video-preview":"max-video-preview:-1"},"canonical":"http:\/\/ibscgmedical.net\/nouvelles\/condition-dutilisation\/","og_locale":"fr_FR","og_type":"article","og_title":"Condition d'utilisation","og_description":"Veuillez examiner attentivement ces d\u00e9tails avant d&rsquo;utiliser ce service. L&rsquo;acc\u00e8s et l&rsquo;utilisation de ce service d\u00e9pendent de votre consentement et de votre respect de ces termes. Ces termes s&rsquo;appliquent \u00e0&hellip;","og_url":"http:\/\/ibscgmedical.net\/nouvelles\/condition-dutilisation\/","og_site_name":"IBSCG Medical - Nouvelles","article_modified_time":"2023-10-11T23:50:37+00:00","twitter_card":"summary_large_image","twitter_misc":{"Est. reading time":"3 minutes"},"schema":{"@context":"https:\/\/schema.org","@graph":[{"@type":"WebPage","@id":"http:\/\/ibscgmedical.net\/nouvelles\/condition-dutilisation\/","url":"http:\/\/ibscgmedical.net\/nouvelles\/condition-dutilisation\/","name":"Condition d'utilisation","isPartOf":{"@id":"https:\/\/ibscgmedical.net\/nouvelles\/#website"},"datePublished":"2023-10-10T23:08:32+00:00","dateModified":"2023-10-11T23:50:37+00:00","breadcrumb":{"@id":"http:\/\/ibscgmedical.net\/nouvelles\/condition-dutilisation\/#breadcrumb"},"inLanguage":"fr-FR","potentialAction":[{"@type":"ReadAction","target":["http:\/\/ibscgmedical.net\/nouvelles\/condition-dutilisation\/"]}]},{"@type":"BreadcrumbList","@id":"http:\/\/ibscgmedical.net\/nouvelles\/condition-dutilisation\/#breadcrumb","itemListElement":[{"@type":"ListItem","position":1,"name":"Portada","item":"https:\/\/ibscgmedical.net\/nouvelles\/"},{"@type":"ListItem","position":2,"name":"Condition d&rsquo;utilisation"}]},{"@type":"WebSite","@id":"https:\/\/ibscgmedical.net\/nouvelles\/#website","url":"https:\/\/ibscgmedical.net\/nouvelles\/","name":"IBSCG Medical - Nouvelles","description":"","publisher":{"@id":"https:\/\/ibscgmedical.net\/nouvelles\/#organization"},"potentialAction":[{"@type":"SearchAction","target":{"@type":"EntryPoint","urlTemplate":"https:\/\/ibscgmedical.net\/nouvelles\/?s={search_term_string}"},"query-input":"required name=search_term_string"}],"inLanguage":"fr-FR"},{"@type":"Organization","@id":"https:\/\/ibscgmedical.net\/nouvelles\/#organization","name":"IBSCG Medical - Nouvelles","url":"https:\/\/ibscgmedical.net\/nouvelles\/","logo":{"@type":"ImageObject","inLanguage":"fr-FR","@id":"https:\/\/ibscgmedical.net\/nouvelles\/#\/schema\/logo\/image\/","url":"https:\/\/ibscgmedical.net\/nouvelles\/wp-content\/uploads\/2023\/10\/ibscg.jpg","contentUrl":"https:\/\/ibscgmedical.net\/nouvelles\/wp-content\/uploads\/2023\/10\/ibscg.jpg","width":400,"height":139,"caption":"IBSCG Medical - Nouvelles"},"image":{"@id":"https:\/\/ibscgmedical.net\/nouvelles\/#\/schema\/logo\/image\/"}}]}},"_links":{"self":[{"href":"https:\/\/ibscgmedical.net\/nouvelles\/wp-json\/wp\/v2\/pages\/60"}],"collection":[{"href":"https:\/\/ibscgmedical.net\/nouvelles\/wp-json\/wp\/v2\/pages"}],"about":[{"href":"https:\/\/ibscgmedical.net\/nouvelles\/wp-json\/wp\/v2\/types\/page"}],"author":[{"embeddable":true,"href":"https:\/\/ibscgmedical.net\/nouvelles\/wp-json\/wp\/v2\/users\/1"}],"replies":[{"embeddable":true,"href":"https:\/\/ibscgmedical.net\/nouvelles\/wp-json\/wp\/v2\/comments?post=60"}],"version-history":[{"count":3,"href":"https:\/\/ibscgmedical.net\/nouvelles\/wp-json\/wp\/v2\/pages\/60\/revisions"}],"predecessor-version":[{"id":80,"href":"https:\/\/ibscgmedical.net\/nouvelles\/wp-json\/wp\/v2\/pages\/60\/revisions\/80"}],"wp:attachment":[{"href":"https:\/\/ibscgmedical.net\/nouvelles\/wp-json\/wp\/v2\/media?parent=60"}],"curies":[{"name":"wp","href":"https:\/\/api.w.org\/{rel}","templated":true}]}}